

{"id":683,"date":"2021-05-05T15:17:58","date_gmt":"2021-05-05T13:17:58","guid":{"rendered":"https:\/\/ui.iit.cnr.it\/?page_id=683"},"modified":"2023-12-11T17:39:47","modified_gmt":"2023-12-11T16:39:47","slug":"projects","status":"publish","type":"page","link":"https:\/\/amc.iit.cnr.it\/en\/projects\/","title":{"rendered":"Projects"},"content":{"rendered":"<h4 class=\"wp-block-heading\"><strong>SiMarkers<\/strong><\/h4>\n\n\n\n<p><br><em>Luglio 2022 &#8211; Luglio 2024<\/em><br><em><br><\/em>Nell&#8217;ambito del progetto SiMarker, l\u2019obiettivo \u00e8 lo sviluppo di un modulo di IA in grado di predire il decorso clinico dei pazienti affetti da glioma, fornendo al medico uno strumento per la scelta del percorso terapeutico pi\u00f9 indicato. Questo permetter\u00e0 una caratterizzazione pi\u00f9 precisa del fenotipo tumorale sfruttando a pieno tutte le informazioni contenute nei dati estratti. Per le finalit\u00e0 del progetto verranno coinvolti ricercatori interni a SI e collaboratori, specializzati negli ambiti di ricerca chiave: le metodologie di AI applicate all\u2019analisi di diverse omiche.<br><strong>Referente progetto:<\/strong> <a href=\"https:\/\/www.iit.cnr.it\/romina.daurizio\" target=\"_blank\" rel=\"noreferrer noopener\">Romina D&#8217;Aurizio<\/a><\/p>\n\n\n\n<p><br><br><br><\/p>\n\n\n\n<h4 class=\"wp-block-heading\"><strong>PRIN2022- CM4TGCG &#8211; \u00a0\u201cComputational Methods for Third Generation Cancer Genomics&#8221;<\/strong><\/h4>\n\n\n\n<p><br><em>2024 &#8211; 2026<\/em><br><em><br><\/em>Il progetto di focalizza sulle tecnologie di sequenziamento di terza generazione (TGS) basate su sensori a nanopori e si propone di sviluppare metodi computazionali per sfruttare le long-read per identificare le alterazioni genomiche ed epigenomiche nei tumori. Tali metodi ci permetteranno di caratterizzare i profili genomici ed epigenomici alla diagnosi e alla recidiva in pazienti con Melanoma. L&#8217;obiettivo \u00e8 dimostrare che i dati di sequenziamento nanopore ad alta copertura possono essere utilizzati per studiare l&#8217;evoluzione del tumore con un singolo esperimento, riducendo i costi sperimentali e i tempi di esecuzione. Due unit\u00e0: UniFi (Pi) &#8211; IIT-CNR<br><strong>Referente progetto:<\/strong> <a href=\"https:\/\/www.iit.cnr.it\/romina.daurizio\" target=\"_blank\" rel=\"noreferrer noopener\">Romina D&#8217;Aurizio<\/a><\/p>\n\n\n\n<p><\/p>\n\n\n\n<h4 class=\"wp-block-heading\"><br><br><span style=\"background-color:rgba(0, 0, 0, 0);color:#003157\" class=\"has-inline-color\"><strong>CRCSCREEN (ColoReCtal cancer SCREENing): focus on omics biomarkers on liquid biopsy and urine<\/strong><\/span><\/h4>\n\n\n\n<p><br><em><em>1 gennaio 2020 &#8211; 31 dicembre 2023<\/em><\/em><br><br>The Tuscany Region is very active in the colorectal screening (CRC) program based on the fecal immunochemical test (FIT). But, this screening is not flawless, its sensitivity is low and the specificity is suboptimal. The aim of the project is the development of a panel of new \u201comics\u201d biomarkers that can improve the early diagnosis of advanced CRC and AD.<br><strong>Referente progetto:<\/strong> <a rel=\"noreferrer noopener\" href=\"https:\/\/www.iit.cnr.it\/romina.daurizio\" target=\"_blank\">Romina D&#8217;Aurizio<\/a><\/p>\n\n\n\n<h4 class=\"wp-block-heading\"><br><br><strong><a href=\"https:\/\/www.comune.pisa.it\/mobilitandopisa\/\">MOBILITANDO Pisa<\/a><span style=\"color:#003157\" class=\"has-inline-color\">: new home-school and home-work paths<\/span><\/strong><\/h4>\n\n\n\n<p><br><em>01 giugno 2018 &#8211; 30 aprile 202<\/em>2<br><br>The project aims to respond to the reorganization needs with a view to permanent and integrated global sustainable mobility and the goal to make urban mobility again a resource for the city and not a problem with consequent limitations and restrictions. The National Research Council (CNR) is responsible for the development of the innovative application, the experimental phase of the project, the analysis of mobility data to calibrate planned and future interventions, including training and dissemination.<br><strong><strong>Referente progetto:<\/strong><\/strong> <a rel=\"noreferrer noopener\" href=\"https:\/\/www.iit.cnr.it\/elena.renda\/\" data-type=\"URL\" target=\"_blank\">Maria Elena Renda<\/a><\/p>\n\n\n\n<h3 class=\"wp-block-heading\"><br><br><span style=\"color:#003157\" class=\"has-inline-color\"><strong>Progetti terminati<\/strong><\/span><\/h3>\n\n\n\n<h4 class=\"wp-block-heading\"><br><br><a href=\"https:\/\/cordis.europa.eu\/project\/id\/621027\"><strong>Mobiwallet: Mobility and Transport digital Wallet (EU FP7)<\/strong><\/a><\/h4>\n\n\n\n<p><em>2014\/16<\/em><\/p>\n\n\n\n<h4 class=\"wp-block-heading\"><br><br><strong><span style=\"color:#003157\" class=\"has-inline-color\"><strong>The role of tandem repeats in neurodegenerative diseases: a genomic and proteomic approach (PRIN 2015)<\/strong><\/span><\/strong><\/h4>\n\n\n\n<p><em>2017\/2019<\/em><br>Partners: CNR-IIT (Pisa), Universit\u00e0 dell\u2019Insubria, Universit\u00e0 del Piemonte Orientale.<\/p>\n\n\n\n<h4 class=\"wp-block-heading\"><br><br><strong><span style=\"color:#003157\" class=\"has-inline-color\"><strong>Eligibility of miRNAs modified by docetaxel in prostate cancer cells to plasma biomarkers in patients responsive or no more responsive to docetaxel<\/strong><\/span><\/strong><\/h4>\n\n\n\n<p><em>2016-2018<\/em><br>Funding: ITT Istituto Toscano Tumori<br>Partners: CNR-IFC (Pisa), CNR-IIT (Pisa), AUSL n. 8 Arezzo<\/p>","protected":false},"excerpt":{"rendered":"<p>SiMarkers Luglio 2022 &#8211; Luglio 2024Nell&#8217;ambito del progetto SiMarker, l\u2019obiettivo \u00e8 lo sviluppo di un modulo di IA in grado di predire il decorso clinico dei pazienti affetti da glioma, fornendo al medico uno strumento per la scelta del percorso terapeutico pi\u00f9 indicato. Questo permetter\u00e0 una caratterizzazione pi\u00f9 precisa del fenotipo tumorale sfruttando a pieno [&hellip;]<\/p>\n","protected":false},"author":3,"featured_media":0,"parent":0,"menu_order":22,"comment_status":"closed","ping_status":"closed","template":"","meta":{"footnotes":""},"class_list":["post-683","page","type-page","status-publish","hentry"],"_links":{"self":[{"href":"https:\/\/amc.iit.cnr.it\/en\/wp-json\/wp\/v2\/pages\/683","targetHints":{"allow":["GET"]}}],"collection":[{"href":"https:\/\/amc.iit.cnr.it\/en\/wp-json\/wp\/v2\/pages"}],"about":[{"href":"https:\/\/amc.iit.cnr.it\/en\/wp-json\/wp\/v2\/types\/page"}],"author":[{"embeddable":true,"href":"https:\/\/amc.iit.cnr.it\/en\/wp-json\/wp\/v2\/users\/3"}],"replies":[{"embeddable":true,"href":"https:\/\/amc.iit.cnr.it\/en\/wp-json\/wp\/v2\/comments?post=683"}],"version-history":[{"count":12,"href":"https:\/\/amc.iit.cnr.it\/en\/wp-json\/wp\/v2\/pages\/683\/revisions"}],"predecessor-version":[{"id":1136,"href":"https:\/\/amc.iit.cnr.it\/en\/wp-json\/wp\/v2\/pages\/683\/revisions\/1136"}],"wp:attachment":[{"href":"https:\/\/amc.iit.cnr.it\/en\/wp-json\/wp\/v2\/media?parent=683"}],"curies":[{"name":"wp","href":"https:\/\/api.w.org\/{rel}","templated":true}]}}